{"id":1201,"date":"2022-06-22T11:41:49","date_gmt":"2022-06-22T11:41:49","guid":{"rendered":"http:\/\/novaon.asia\/gioi-thieu-tap-doan\/"},"modified":"2023-08-18T01:23:06","modified_gmt":"2023-08-18T01:23:06","slug":"about-novaon-group","status":"publish","type":"page","link":"https:\/\/novaon.net\/en\/about-novaon-group\/","title":{"rendered":"About NOVAON"},"content":{"rendered":"","protected":false},"excerpt":{"rendered":"","protected":false},"author":1,"featured_media":0,"parent":0,"menu_order":0,"comment_status":"closed","ping_status":"closed","template":"templates\/about-td.php","meta":{"_uf_show_specific_survey":0,"_uf_disable_surveys":false},"acf":[],"aioseo_notices":[],"yoast_head":"<!-- This site is optimized with the Yoast SEO plugin v19.1 - https:\/\/yoast.com\/wordpress\/plugins\/seo\/ -->\n<title>About Novaon<\/title>\n<meta name=\"description\" content=\"\u0110\u01b0\u1ee3c th\u00e0nh l\u1eadp t\u1eeb n\u0103m 2006, t\u1eadp \u0111o\u00e0n NOVAON hi\u1ec7n \u0111ang ho\u1ea1t \u0111\u1ed9ng ch\u1ee7 y\u1ebfu \u1edf ba l\u0129nh v\u1ef1c Ti\u1ebfp th\u1ecb s\u1ed1, Chuy\u1ec3n \u0111\u1ed5i s\u1ed1 v\u00e0 Th\u01b0\u01a1ng m\u1ea1i \u0111i\u1ec7n t\u1eed\" \/>\n<meta name=\"robots\" content=\"index, follow, max-snippet:-1, max-image-preview:large, max-video-preview:-1\" \/>\n<link rel=\"canonical\" href=\"https:\/\/novaon.net\/en\/about-novaon-group\/\" \/>\n<meta property=\"og:locale\" content=\"en_US\" \/>\n<meta property=\"og:type\" content=\"article\" \/>\n<meta property=\"og:title\" content=\"H\u1ec7 sinh th\u00e1i s\u1ed1 Novaon\" \/>\n<meta property=\"og:description\" content=\"\u0110\u01b0\u1ee3c th\u00e0nh l\u1eadp t\u1eeb n\u0103m 2006, t\u1eadp \u0111o\u00e0n NOVAON hi\u1ec7n \u0111ang ho\u1ea1t \u0111\u1ed9ng ch\u1ee7 y\u1ebfu \u1edf ba l\u0129nh v\u1ef1c Ti\u1ebfp th\u1ecb s\u1ed1 (Digital Marketing), Chuy\u1ec3n \u0111\u1ed5i s\u1ed1 (Digital Transformation) v\u00e0 T\u00e0i ch\u00ednh s\u1ed1 (Digital Finance).\" \/>\n<meta property=\"og:url\" content=\"https:\/\/novaon.net\/en\/about-novaon-group\/\" \/>\n<meta property=\"og:site_name\" content=\"Novaon\" \/>\n<meta property=\"article:modified_time\" content=\"2023-08-18T01:23:06+00:00\" \/>\n<meta name=\"twitter:card\" content=\"summary_large_image\" \/>\n<script type=\"application\/ld+json\" class=\"yoast-schema-graph\">{\"@context\":\"https:\/\/schema.org\",\"@graph\":[{\"@type\":\"WebSite\",\"@id\":\"https:\/\/novaon.net\/#website\",\"url\":\"https:\/\/novaon.net\/\",\"name\":\"Novaon\",\"description\":\"\",\"potentialAction\":[{\"@type\":\"SearchAction\",\"target\":{\"@type\":\"EntryPoint\",\"urlTemplate\":\"https:\/\/novaon.net\/?s={search_term_string}\"},\"query-input\":\"required name=search_term_string\"}],\"inLanguage\":\"en\"},{\"@type\":\"ImageObject\",\"inLanguage\":\"en\",\"@id\":\"https:\/\/novaon.net\/en\/about-novaon-group\/#primaryimage\",\"url\":\"\",\"contentUrl\":\"\"},{\"@type\":\"WebPage\",\"@id\":\"https:\/\/novaon.net\/en\/about-novaon-group\/#webpage\",\"url\":\"https:\/\/novaon.net\/en\/about-novaon-group\/\",\"name\":\"About Novaon\",\"isPartOf\":{\"@id\":\"https:\/\/novaon.net\/#website\"},\"primaryImageOfPage\":{\"@id\":\"https:\/\/novaon.net\/en\/about-novaon-group\/#primaryimage\"},\"datePublished\":\"2022-06-22T11:41:49+00:00\",\"dateModified\":\"2023-08-18T01:23:06+00:00\",\"description\":\"\u0110\u01b0\u1ee3c th\u00e0nh l\u1eadp t\u1eeb n\u0103m 2006, t\u1eadp \u0111o\u00e0n NOVAON hi\u1ec7n \u0111ang ho\u1ea1t \u0111\u1ed9ng ch\u1ee7 y\u1ebfu \u1edf ba l\u0129nh v\u1ef1c Ti\u1ebfp th\u1ecb s\u1ed1, Chuy\u1ec3n \u0111\u1ed5i s\u1ed1 v\u00e0 Th\u01b0\u01a1ng m\u1ea1i \u0111i\u1ec7n t\u1eed\",\"breadcrumb\":{\"@id\":\"https:\/\/novaon.net\/en\/about-novaon-group\/#breadcrumb\"},\"inLanguage\":\"en\",\"potentialAction\":[{\"@type\":\"ReadAction\",\"target\":[\"https:\/\/novaon.net\/en\/about-novaon-group\/\"]}]},{\"@type\":\"BreadcrumbList\",\"@id\":\"https:\/\/novaon.net\/en\/about-novaon-group\/#breadcrumb\",\"itemListElement\":[{\"@type\":\"ListItem\",\"position\":1,\"name\":\"Home\",\"item\":\"https:\/\/novaon.net\/en\/\"},{\"@type\":\"ListItem\",\"position\":2,\"name\":\"About NOVAON\"}]}]}<\/script>\n<!-- \/ Yoast SEO plugin. -->","yoast_head_json":{"title":"About Novaon","description":"\u0110\u01b0\u1ee3c th\u00e0nh l\u1eadp t\u1eeb n\u0103m 2006, t\u1eadp \u0111o\u00e0n NOVAON hi\u1ec7n \u0111ang ho\u1ea1t \u0111\u1ed9ng ch\u1ee7 y\u1ebfu \u1edf ba l\u0129nh v\u1ef1c Ti\u1ebfp th\u1ecb s\u1ed1, Chuy\u1ec3n \u0111\u1ed5i s\u1ed1 v\u00e0 Th\u01b0\u01a1ng m\u1ea1i \u0111i\u1ec7n t\u1eed","robots":{"index":"index","follow":"follow","max-snippet":"max-snippet:-1","max-image-preview":"max-image-preview:large","max-video-preview":"max-video-preview:-1"},"canonical":"https:\/\/novaon.net\/en\/about-novaon-group\/","og_locale":"en_US","og_type":"article","og_title":"H\u1ec7 sinh th\u00e1i s\u1ed1 Novaon","og_description":"\u0110\u01b0\u1ee3c th\u00e0nh l\u1eadp t\u1eeb n\u0103m 2006, t\u1eadp \u0111o\u00e0n NOVAON hi\u1ec7n \u0111ang ho\u1ea1t \u0111\u1ed9ng ch\u1ee7 y\u1ebfu \u1edf ba l\u0129nh v\u1ef1c Ti\u1ebfp th\u1ecb s\u1ed1 (Digital Marketing), Chuy\u1ec3n \u0111\u1ed5i s\u1ed1 (Digital Transformation) v\u00e0 T\u00e0i ch\u00ednh s\u1ed1 (Digital Finance).","og_url":"https:\/\/novaon.net\/en\/about-novaon-group\/","og_site_name":"Novaon","article_modified_time":"2023-08-18T01:23:06+00:00","twitter_card":"summary_large_image","schema":{"@context":"https:\/\/schema.org","@graph":[{"@type":"WebSite","@id":"https:\/\/novaon.net\/#website","url":"https:\/\/novaon.net\/","name":"Novaon","description":"","potentialAction":[{"@type":"SearchAction","target":{"@type":"EntryPoint","urlTemplate":"https:\/\/novaon.net\/?s={search_term_string}"},"query-input":"required name=search_term_string"}],"inLanguage":"en"},{"@type":"ImageObject","inLanguage":"en","@id":"https:\/\/novaon.net\/en\/about-novaon-group\/#primaryimage","url":"","contentUrl":""},{"@type":"WebPage","@id":"https:\/\/novaon.net\/en\/about-novaon-group\/#webpage","url":"https:\/\/novaon.net\/en\/about-novaon-group\/","name":"About Novaon","isPartOf":{"@id":"https:\/\/novaon.net\/#website"},"primaryImageOfPage":{"@id":"https:\/\/novaon.net\/en\/about-novaon-group\/#primaryimage"},"datePublished":"2022-06-22T11:41:49+00:00","dateModified":"2023-08-18T01:23:06+00:00","description":"\u0110\u01b0\u1ee3c th\u00e0nh l\u1eadp t\u1eeb n\u0103m 2006, t\u1eadp \u0111o\u00e0n NOVAON hi\u1ec7n \u0111ang ho\u1ea1t \u0111\u1ed9ng ch\u1ee7 y\u1ebfu \u1edf ba l\u0129nh v\u1ef1c Ti\u1ebfp th\u1ecb s\u1ed1, Chuy\u1ec3n \u0111\u1ed5i s\u1ed1 v\u00e0 Th\u01b0\u01a1ng m\u1ea1i \u0111i\u1ec7n t\u1eed","breadcrumb":{"@id":"https:\/\/novaon.net\/en\/about-novaon-group\/#breadcrumb"},"inLanguage":"en","potentialAction":[{"@type":"ReadAction","target":["https:\/\/novaon.net\/en\/about-novaon-group\/"]}]},{"@type":"BreadcrumbList","@id":"https:\/\/novaon.net\/en\/about-novaon-group\/#breadcrumb","itemListElement":[{"@type":"ListItem","position":1,"name":"Home","item":"https:\/\/novaon.net\/en\/"},{"@type":"ListItem","position":2,"name":"About NOVAON"}]}]}},"_links":{"self":[{"href":"https:\/\/novaon.net\/en\/wp-json\/wp\/v2\/pages\/1201"}],"collection":[{"href":"https:\/\/novaon.net\/en\/wp-json\/wp\/v2\/pages"}],"about":[{"href":"https:\/\/novaon.net\/en\/wp-json\/wp\/v2\/types\/page"}],"author":[{"embeddable":true,"href":"https:\/\/novaon.net\/en\/wp-json\/wp\/v2\/users\/1"}],"replies":[{"embeddable":true,"href":"https:\/\/novaon.net\/en\/wp-json\/wp\/v2\/comments?post=1201"}],"version-history":[{"count":52,"href":"https:\/\/novaon.net\/en\/wp-json\/wp\/v2\/pages\/1201\/revisions"}],"predecessor-version":[{"id":4725,"href":"https:\/\/novaon.net\/en\/wp-json\/wp\/v2\/pages\/1201\/revisions\/4725"}],"wp:attachment":[{"href":"https:\/\/novaon.net\/en\/wp-json\/wp\/v2\/media?parent=1201"}],"curies":[{"name":"wp","href":"https:\/\/api.w.org\/{rel}","templated":true}]}}