{"id":1205,"date":"2022-06-18T10:11:19","date_gmt":"2022-06-18T10:11:19","guid":{"rendered":"http:\/\/novaon.asia\/cong-nghe-so\/"},"modified":"2023-08-17T09:27:02","modified_gmt":"2023-08-17T09:27:02","slug":"digital-transformation","status":"publish","type":"page","link":"https:\/\/novaon.net\/en\/digital-transformation\/","title":{"rendered":"Digital Transformation"},"content":{"rendered":"","protected":false},"excerpt":{"rendered":"","protected":false},"author":1,"featured_media":0,"parent":0,"menu_order":5,"comment_status":"closed","ping_status":"closed","template":"templates\/field-of-activity-tech.php","meta":{"_uf_show_specific_survey":0,"_uf_disable_surveys":false},"acf":[],"aioseo_notices":[],"yoast_head":"<!-- This site is optimized with the Yoast SEO plugin v19.1 - https:\/\/yoast.com\/wordpress\/plugins\/seo\/ -->\n<title>Digital Transformation - Gi\u1ea3i ph\u00e1p Chuy\u1ec3n \u0111\u1ed5i s\u1ed1 Novaon Tech<\/title>\n<meta name=\"description\" content=\"Tr\u00ean h\u00e0nh tr\u00ecnh mang gi\u1ea3i ph\u00e1p s\u1ed1 \u0111\u1ebfn v\u1edbi h\u01a1n 95.000 kh\u00e1ch h\u00e0ng doanh nghi\u1ec7p, Novaon Tech th\u1ea5u hi\u1ec3u s\u00e2u s\u1eafc nh\u1eefng kh\u00f3 kh\u0103n v\u00e0 r\u00e0o c\u1ea3n m\u00e0 c\u00e1c doanh nghi\u1ec7p g\u1eb7p ph\u1ea3i khi b\u01b0\u1edbc v\u00e0o cu\u1ed9c c\u00e1ch m\u1ea1ng chuy\u1ec3n \u0111\u1ed5i s\u1ed1. V\u00ec v\u1eady, Gi\u1ea3i ph\u00e1p Chuy\u1ec3n \u0111\u1ed5i s\u1ed1 Novaon Tech lu\u00f4n nghi\u00ean c\u1ee9u v\u00e0 cung c\u1ea5p ph\u01b0\u01a1ng \u00e1n ph\u00f9 h\u1ee3p nh\u1ea5t v\u1edbi \u0111\u1eb7c th\u00f9 m\u1ed7i doanh nghi\u1ec7p.\" \/>\n<meta name=\"robots\" content=\"index, follow, max-snippet:-1, max-image-preview:large, max-video-preview:-1\" \/>\n<link rel=\"canonical\" href=\"https:\/\/novaon.net\/en\/digital-transformation\/\" \/>\n<meta property=\"og:locale\" content=\"en_US\" \/>\n<meta property=\"og:type\" content=\"article\" \/>\n<meta property=\"og:title\" content=\"Digital Transformation - Gi\u1ea3i ph\u00e1p Chuy\u1ec3n \u0111\u1ed5i s\u1ed1 Novaon Tech\" \/>\n<meta property=\"og:description\" content=\"Tr\u00ean h\u00e0nh tr\u00ecnh mang gi\u1ea3i ph\u00e1p s\u1ed1 \u0111\u1ebfn v\u1edbi h\u01a1n 95.000 kh\u00e1ch h\u00e0ng doanh nghi\u1ec7p, Novaon Tech th\u1ea5u hi\u1ec3u s\u00e2u s\u1eafc nh\u1eefng kh\u00f3 kh\u0103n v\u00e0 r\u00e0o c\u1ea3n m\u00e0 c\u00e1c doanh nghi\u1ec7p g\u1eb7p ph\u1ea3i khi b\u01b0\u1edbc v\u00e0o cu\u1ed9c c\u00e1ch m\u1ea1ng chuy\u1ec3n \u0111\u1ed5i s\u1ed1. V\u00ec v\u1eady, Gi\u1ea3i ph\u00e1p Chuy\u1ec3n \u0111\u1ed5i s\u1ed1 Novaon Tech lu\u00f4n nghi\u00ean c\u1ee9u v\u00e0 cung c\u1ea5p ph\u01b0\u01a1ng \u00e1n ph\u00f9 h\u1ee3p nh\u1ea5t v\u1edbi \u0111\u1eb7c th\u00f9 m\u1ed7i doanh nghi\u1ec7p.\" \/>\n<meta property=\"og:url\" content=\"https:\/\/novaon.net\/en\/digital-transformation\/\" \/>\n<meta property=\"og:site_name\" content=\"Novaon\" \/>\n<meta property=\"article:modified_time\" content=\"2023-08-17T09:27:02+00:00\" \/>\n<meta name=\"twitter:card\" content=\"summary_large_image\" \/>\n<script type=\"application\/ld+json\" class=\"yoast-schema-graph\">{\"@context\":\"https:\/\/schema.org\",\"@graph\":[{\"@type\":\"WebSite\",\"@id\":\"https:\/\/novaon.net\/#website\",\"url\":\"https:\/\/novaon.net\/\",\"name\":\"Novaon\",\"description\":\"\",\"potentialAction\":[{\"@type\":\"SearchAction\",\"target\":{\"@type\":\"EntryPoint\",\"urlTemplate\":\"https:\/\/novaon.net\/?s={search_term_string}\"},\"query-input\":\"required name=search_term_string\"}],\"inLanguage\":\"en\"},{\"@type\":\"WebPage\",\"@id\":\"https:\/\/novaon.net\/en\/digital-transformation\/#webpage\",\"url\":\"https:\/\/novaon.net\/en\/digital-transformation\/\",\"name\":\"Digital Transformation - Gi\u1ea3i ph\u00e1p Chuy\u1ec3n \u0111\u1ed5i s\u1ed1 Novaon Tech\",\"isPartOf\":{\"@id\":\"https:\/\/novaon.net\/#website\"},\"datePublished\":\"2022-06-18T10:11:19+00:00\",\"dateModified\":\"2023-08-17T09:27:02+00:00\",\"description\":\"Tr\u00ean h\u00e0nh tr\u00ecnh mang gi\u1ea3i ph\u00e1p s\u1ed1 \u0111\u1ebfn v\u1edbi h\u01a1n 95.000 kh\u00e1ch h\u00e0ng doanh nghi\u1ec7p, Novaon Tech th\u1ea5u hi\u1ec3u s\u00e2u s\u1eafc nh\u1eefng kh\u00f3 kh\u0103n v\u00e0 r\u00e0o c\u1ea3n m\u00e0 c\u00e1c doanh nghi\u1ec7p g\u1eb7p ph\u1ea3i khi b\u01b0\u1edbc v\u00e0o cu\u1ed9c c\u00e1ch m\u1ea1ng chuy\u1ec3n \u0111\u1ed5i s\u1ed1. V\u00ec v\u1eady, Gi\u1ea3i ph\u00e1p Chuy\u1ec3n \u0111\u1ed5i s\u1ed1 Novaon Tech lu\u00f4n nghi\u00ean c\u1ee9u v\u00e0 cung c\u1ea5p ph\u01b0\u01a1ng \u00e1n ph\u00f9 h\u1ee3p nh\u1ea5t v\u1edbi \u0111\u1eb7c th\u00f9 m\u1ed7i doanh nghi\u1ec7p.\",\"breadcrumb\":{\"@id\":\"https:\/\/novaon.net\/en\/digital-transformation\/#breadcrumb\"},\"inLanguage\":\"en\",\"potentialAction\":[{\"@type\":\"ReadAction\",\"target\":[\"https:\/\/novaon.net\/en\/digital-transformation\/\"]}]},{\"@type\":\"BreadcrumbList\",\"@id\":\"https:\/\/novaon.net\/en\/digital-transformation\/#breadcrumb\",\"itemListElement\":[{\"@type\":\"ListItem\",\"position\":1,\"name\":\"Home\",\"item\":\"https:\/\/novaon.net\/en\/\"},{\"@type\":\"ListItem\",\"position\":2,\"name\":\"Digital Transformation\"}]}]}<\/script>\n<!-- \/ Yoast SEO plugin. -->","yoast_head_json":{"title":"Digital Transformation - Gi\u1ea3i ph\u00e1p Chuy\u1ec3n \u0111\u1ed5i s\u1ed1 Novaon Tech","description":"Tr\u00ean h\u00e0nh tr\u00ecnh mang gi\u1ea3i ph\u00e1p s\u1ed1 \u0111\u1ebfn v\u1edbi h\u01a1n 95.000 kh\u00e1ch h\u00e0ng doanh nghi\u1ec7p, Novaon Tech th\u1ea5u hi\u1ec3u s\u00e2u s\u1eafc nh\u1eefng kh\u00f3 kh\u0103n v\u00e0 r\u00e0o c\u1ea3n m\u00e0 c\u00e1c doanh nghi\u1ec7p g\u1eb7p ph\u1ea3i khi b\u01b0\u1edbc v\u00e0o cu\u1ed9c c\u00e1ch m\u1ea1ng chuy\u1ec3n \u0111\u1ed5i s\u1ed1. V\u00ec v\u1eady, Gi\u1ea3i ph\u00e1p Chuy\u1ec3n \u0111\u1ed5i s\u1ed1 Novaon Tech lu\u00f4n nghi\u00ean c\u1ee9u v\u00e0 cung c\u1ea5p ph\u01b0\u01a1ng \u00e1n ph\u00f9 h\u1ee3p nh\u1ea5t v\u1edbi \u0111\u1eb7c th\u00f9 m\u1ed7i doanh nghi\u1ec7p.","robots":{"index":"index","follow":"follow","max-snippet":"max-snippet:-1","max-image-preview":"max-image-preview:large","max-video-preview":"max-video-preview:-1"},"canonical":"https:\/\/novaon.net\/en\/digital-transformation\/","og_locale":"en_US","og_type":"article","og_title":"Digital Transformation - Gi\u1ea3i ph\u00e1p Chuy\u1ec3n \u0111\u1ed5i s\u1ed1 Novaon Tech","og_description":"Tr\u00ean h\u00e0nh tr\u00ecnh mang gi\u1ea3i ph\u00e1p s\u1ed1 \u0111\u1ebfn v\u1edbi h\u01a1n 95.000 kh\u00e1ch h\u00e0ng doanh nghi\u1ec7p, Novaon Tech th\u1ea5u hi\u1ec3u s\u00e2u s\u1eafc nh\u1eefng kh\u00f3 kh\u0103n v\u00e0 r\u00e0o c\u1ea3n m\u00e0 c\u00e1c doanh nghi\u1ec7p g\u1eb7p ph\u1ea3i khi b\u01b0\u1edbc v\u00e0o cu\u1ed9c c\u00e1ch m\u1ea1ng chuy\u1ec3n \u0111\u1ed5i s\u1ed1. V\u00ec v\u1eady, Gi\u1ea3i ph\u00e1p Chuy\u1ec3n \u0111\u1ed5i s\u1ed1 Novaon Tech lu\u00f4n nghi\u00ean c\u1ee9u v\u00e0 cung c\u1ea5p ph\u01b0\u01a1ng \u00e1n ph\u00f9 h\u1ee3p nh\u1ea5t v\u1edbi \u0111\u1eb7c th\u00f9 m\u1ed7i doanh nghi\u1ec7p.","og_url":"https:\/\/novaon.net\/en\/digital-transformation\/","og_site_name":"Novaon","article_modified_time":"2023-08-17T09:27:02+00:00","twitter_card":"summary_large_image","schema":{"@context":"https:\/\/schema.org","@graph":[{"@type":"WebSite","@id":"https:\/\/novaon.net\/#website","url":"https:\/\/novaon.net\/","name":"Novaon","description":"","potentialAction":[{"@type":"SearchAction","target":{"@type":"EntryPoint","urlTemplate":"https:\/\/novaon.net\/?s={search_term_string}"},"query-input":"required name=search_term_string"}],"inLanguage":"en"},{"@type":"WebPage","@id":"https:\/\/novaon.net\/en\/digital-transformation\/#webpage","url":"https:\/\/novaon.net\/en\/digital-transformation\/","name":"Digital Transformation - Gi\u1ea3i ph\u00e1p Chuy\u1ec3n \u0111\u1ed5i s\u1ed1 Novaon Tech","isPartOf":{"@id":"https:\/\/novaon.net\/#website"},"datePublished":"2022-06-18T10:11:19+00:00","dateModified":"2023-08-17T09:27:02+00:00","description":"Tr\u00ean h\u00e0nh tr\u00ecnh mang gi\u1ea3i ph\u00e1p s\u1ed1 \u0111\u1ebfn v\u1edbi h\u01a1n 95.000 kh\u00e1ch h\u00e0ng doanh nghi\u1ec7p, Novaon Tech th\u1ea5u hi\u1ec3u s\u00e2u s\u1eafc nh\u1eefng kh\u00f3 kh\u0103n v\u00e0 r\u00e0o c\u1ea3n m\u00e0 c\u00e1c doanh nghi\u1ec7p g\u1eb7p ph\u1ea3i khi b\u01b0\u1edbc v\u00e0o cu\u1ed9c c\u00e1ch m\u1ea1ng chuy\u1ec3n \u0111\u1ed5i s\u1ed1. V\u00ec v\u1eady, Gi\u1ea3i ph\u00e1p Chuy\u1ec3n \u0111\u1ed5i s\u1ed1 Novaon Tech lu\u00f4n nghi\u00ean c\u1ee9u v\u00e0 cung c\u1ea5p ph\u01b0\u01a1ng \u00e1n ph\u00f9 h\u1ee3p nh\u1ea5t v\u1edbi \u0111\u1eb7c th\u00f9 m\u1ed7i doanh nghi\u1ec7p.","breadcrumb":{"@id":"https:\/\/novaon.net\/en\/digital-transformation\/#breadcrumb"},"inLanguage":"en","potentialAction":[{"@type":"ReadAction","target":["https:\/\/novaon.net\/en\/digital-transformation\/"]}]},{"@type":"BreadcrumbList","@id":"https:\/\/novaon.net\/en\/digital-transformation\/#breadcrumb","itemListElement":[{"@type":"ListItem","position":1,"name":"Home","item":"https:\/\/novaon.net\/en\/"},{"@type":"ListItem","position":2,"name":"Digital Transformation"}]}]}},"_links":{"self":[{"href":"https:\/\/novaon.net\/en\/wp-json\/wp\/v2\/pages\/1205"}],"collection":[{"href":"https:\/\/novaon.net\/en\/wp-json\/wp\/v2\/pages"}],"about":[{"href":"https:\/\/novaon.net\/en\/wp-json\/wp\/v2\/types\/page"}],"author":[{"embeddable":true,"href":"https:\/\/novaon.net\/en\/wp-json\/wp\/v2\/users\/1"}],"replies":[{"embeddable":true,"href":"https:\/\/novaon.net\/en\/wp-json\/wp\/v2\/comments?post=1205"}],"version-history":[{"count":102,"href":"https:\/\/novaon.net\/en\/wp-json\/wp\/v2\/pages\/1205\/revisions"}],"predecessor-version":[{"id":4726,"href":"https:\/\/novaon.net\/en\/wp-json\/wp\/v2\/pages\/1205\/revisions\/4726"}],"wp:attachment":[{"href":"https:\/\/novaon.net\/en\/wp-json\/wp\/v2\/media?parent=1205"}],"curies":[{"name":"wp","href":"https:\/\/api.w.org\/{rel}","templated":true}]}}