{"id":1213,"date":"2022-06-03T08:21:36","date_gmt":"2022-06-03T08:21:36","guid":{"rendered":"http:\/\/novaon.asia\/trang-chu\/"},"modified":"2025-05-28T07:34:08","modified_gmt":"2025-05-28T07:34:08","slug":"gioi-thieu-tap-doan-novaon-2","status":"publish","type":"page","link":"https:\/\/novaon.net\/en\/","title":{"rendered":"Trang ch\u1ee7"},"content":{"rendered":"","protected":false},"excerpt":{"rendered":"","protected":false},"author":1,"featured_media":5591,"parent":0,"menu_order":30,"comment_status":"closed","ping_status":"closed","template":"templates\/home.php","meta":{"_uf_show_specific_survey":0,"_uf_disable_surveys":false},"acf":[],"aioseo_notices":[],"yoast_head":"<!-- This site is optimized with the Yoast SEO plugin v19.1 - https:\/\/yoast.com\/wordpress\/plugins\/seo\/ -->\n<title>Trang ch\u1ee7 - T\u1eadp \u0111o\u00e0n NOVAON<\/title>\n<meta name=\"description\" content=\"T\u1eadp \u0111o\u00e0n Novaon Gi\u00fap h\u00e0ng tri\u1ec7u doanh nghi\u1ec7p th\u00e0nh c\u00f4ng trong chuy\u1ec3n \u0111\u1ed5i s\u1ed1, mang l\u1ea1i s\u1ef1 th\u1ecbnh v\u01b0\u1ee3ng v\u00e0 gi\u00e0u c\u00f3 cho kh\u00e1ch h\u00e0ng\" \/>\n<meta name=\"robots\" content=\"index, follow, max-snippet:-1, max-image-preview:large, max-video-preview:-1\" \/>\n<link rel=\"canonical\" href=\"https:\/\/novaon.net\/en\/\" \/>\n<meta property=\"og:locale\" content=\"en_US\" \/>\n<meta property=\"og:type\" content=\"article\" \/>\n<meta property=\"og:title\" content=\"Trang ch\u1ee7 - T\u1eadp \u0111o\u00e0n NOVAON\" \/>\n<meta property=\"og:description\" content=\"T\u1eadp \u0111o\u00e0n Novaon Gi\u00fap h\u00e0ng tri\u1ec7u doanh nghi\u1ec7p th\u00e0nh c\u00f4ng trong chuy\u1ec3n \u0111\u1ed5i s\u1ed1, mang l\u1ea1i s\u1ef1 th\u1ecbnh v\u01b0\u1ee3ng v\u00e0 gi\u00e0u c\u00f3 cho kh\u00e1ch h\u00e0ng\" \/>\n<meta property=\"og:url\" content=\"https:\/\/novaon.net\/en\/\" \/>\n<meta property=\"og:site_name\" content=\"Novaon\" \/>\n<meta property=\"article:modified_time\" content=\"2025-05-28T07:34:08+00:00\" \/>\n<meta property=\"og:image\" content=\"http:\/\/novaon.net\/wp-content\/uploads\/2025\/05\/252328973_4567456589959338_731152761386992874_n.png\" \/>\n\t<meta property=\"og:image:width\" content=\"1578\" \/>\n\t<meta property=\"og:image:height\" content=\"1578\" \/>\n\t<meta property=\"og:image:type\" content=\"image\/png\" \/>\n<meta name=\"twitter:card\" content=\"summary_large_image\" \/>\n<meta name=\"twitter:image\" content=\"https:\/\/novaon.net\/wp-content\/uploads\/2025\/05\/252328973_4567456589959338_731152761386992874_n.png\" \/>\n<script type=\"application\/ld+json\" class=\"yoast-schema-graph\">{\"@context\":\"https:\/\/schema.org\",\"@graph\":[{\"@type\":\"WebSite\",\"@id\":\"https:\/\/novaon.net\/#website\",\"url\":\"https:\/\/novaon.net\/\",\"name\":\"Novaon\",\"description\":\"\",\"potentialAction\":[{\"@type\":\"SearchAction\",\"target\":{\"@type\":\"EntryPoint\",\"urlTemplate\":\"https:\/\/novaon.net\/?s={search_term_string}\"},\"query-input\":\"required name=search_term_string\"}],\"inLanguage\":\"en\"},{\"@type\":\"ImageObject\",\"inLanguage\":\"en\",\"@id\":\"https:\/\/novaon.net\/en\/#primaryimage\",\"url\":\"https:\/\/novaon.net\/wp-content\/uploads\/2025\/05\/252328973_4567456589959338_731152761386992874_n.png\",\"contentUrl\":\"https:\/\/novaon.net\/wp-content\/uploads\/2025\/05\/252328973_4567456589959338_731152761386992874_n.png\",\"width\":1578,\"height\":1578},{\"@type\":\"WebPage\",\"@id\":\"https:\/\/novaon.net\/en\/#webpage\",\"url\":\"https:\/\/novaon.net\/en\/\",\"name\":\"Trang ch\u1ee7 - T\u1eadp \u0111o\u00e0n NOVAON\",\"isPartOf\":{\"@id\":\"https:\/\/novaon.net\/#website\"},\"primaryImageOfPage\":{\"@id\":\"https:\/\/novaon.net\/en\/#primaryimage\"},\"datePublished\":\"2022-06-03T08:21:36+00:00\",\"dateModified\":\"2025-05-28T07:34:08+00:00\",\"description\":\"T\u1eadp \u0111o\u00e0n Novaon Gi\u00fap h\u00e0ng tri\u1ec7u doanh nghi\u1ec7p th\u00e0nh c\u00f4ng trong chuy\u1ec3n \u0111\u1ed5i s\u1ed1, mang l\u1ea1i s\u1ef1 th\u1ecbnh v\u01b0\u1ee3ng v\u00e0 gi\u00e0u c\u00f3 cho kh\u00e1ch h\u00e0ng\",\"breadcrumb\":{\"@id\":\"https:\/\/novaon.net\/en\/#breadcrumb\"},\"inLanguage\":\"en\",\"potentialAction\":[{\"@type\":\"ReadAction\",\"target\":[\"https:\/\/novaon.net\/en\/\"]}]},{\"@type\":\"BreadcrumbList\",\"@id\":\"https:\/\/novaon.net\/en\/#breadcrumb\",\"itemListElement\":[{\"@type\":\"ListItem\",\"position\":1,\"name\":\"Home\",\"item\":\"https:\/\/novaon.net\/en\/\"},{\"@type\":\"ListItem\",\"position\":2,\"name\":\"Trang ch\u1ee7\"}]}]}<\/script>\n<!-- \/ Yoast SEO plugin. -->","yoast_head_json":{"title":"Trang ch\u1ee7 - T\u1eadp \u0111o\u00e0n NOVAON","description":"T\u1eadp \u0111o\u00e0n Novaon Gi\u00fap h\u00e0ng tri\u1ec7u doanh nghi\u1ec7p th\u00e0nh c\u00f4ng trong chuy\u1ec3n \u0111\u1ed5i s\u1ed1, mang l\u1ea1i s\u1ef1 th\u1ecbnh v\u01b0\u1ee3ng v\u00e0 gi\u00e0u c\u00f3 cho kh\u00e1ch h\u00e0ng","robots":{"index":"index","follow":"follow","max-snippet":"max-snippet:-1","max-image-preview":"max-image-preview:large","max-video-preview":"max-video-preview:-1"},"canonical":"https:\/\/novaon.net\/en\/","og_locale":"en_US","og_type":"article","og_title":"Trang ch\u1ee7 - T\u1eadp \u0111o\u00e0n NOVAON","og_description":"T\u1eadp \u0111o\u00e0n Novaon Gi\u00fap h\u00e0ng tri\u1ec7u doanh nghi\u1ec7p th\u00e0nh c\u00f4ng trong chuy\u1ec3n \u0111\u1ed5i s\u1ed1, mang l\u1ea1i s\u1ef1 th\u1ecbnh v\u01b0\u1ee3ng v\u00e0 gi\u00e0u c\u00f3 cho kh\u00e1ch h\u00e0ng","og_url":"https:\/\/novaon.net\/en\/","og_site_name":"Novaon","article_modified_time":"2025-05-28T07:34:08+00:00","og_image":[{"width":1578,"height":1578,"url":"http:\/\/novaon.net\/wp-content\/uploads\/2025\/05\/252328973_4567456589959338_731152761386992874_n.png","type":"image\/png"}],"twitter_card":"summary_large_image","twitter_image":"https:\/\/novaon.net\/wp-content\/uploads\/2025\/05\/252328973_4567456589959338_731152761386992874_n.png","schema":{"@context":"https:\/\/schema.org","@graph":[{"@type":"WebSite","@id":"https:\/\/novaon.net\/#website","url":"https:\/\/novaon.net\/","name":"Novaon","description":"","potentialAction":[{"@type":"SearchAction","target":{"@type":"EntryPoint","urlTemplate":"https:\/\/novaon.net\/?s={search_term_string}"},"query-input":"required name=search_term_string"}],"inLanguage":"en"},{"@type":"ImageObject","inLanguage":"en","@id":"https:\/\/novaon.net\/en\/#primaryimage","url":"https:\/\/novaon.net\/wp-content\/uploads\/2025\/05\/252328973_4567456589959338_731152761386992874_n.png","contentUrl":"https:\/\/novaon.net\/wp-content\/uploads\/2025\/05\/252328973_4567456589959338_731152761386992874_n.png","width":1578,"height":1578},{"@type":"WebPage","@id":"https:\/\/novaon.net\/en\/#webpage","url":"https:\/\/novaon.net\/en\/","name":"Trang ch\u1ee7 - T\u1eadp \u0111o\u00e0n NOVAON","isPartOf":{"@id":"https:\/\/novaon.net\/#website"},"primaryImageOfPage":{"@id":"https:\/\/novaon.net\/en\/#primaryimage"},"datePublished":"2022-06-03T08:21:36+00:00","dateModified":"2025-05-28T07:34:08+00:00","description":"T\u1eadp \u0111o\u00e0n Novaon Gi\u00fap h\u00e0ng tri\u1ec7u doanh nghi\u1ec7p th\u00e0nh c\u00f4ng trong chuy\u1ec3n \u0111\u1ed5i s\u1ed1, mang l\u1ea1i s\u1ef1 th\u1ecbnh v\u01b0\u1ee3ng v\u00e0 gi\u00e0u c\u00f3 cho kh\u00e1ch h\u00e0ng","breadcrumb":{"@id":"https:\/\/novaon.net\/en\/#breadcrumb"},"inLanguage":"en","potentialAction":[{"@type":"ReadAction","target":["https:\/\/novaon.net\/en\/"]}]},{"@type":"BreadcrumbList","@id":"https:\/\/novaon.net\/en\/#breadcrumb","itemListElement":[{"@type":"ListItem","position":1,"name":"Home","item":"https:\/\/novaon.net\/en\/"},{"@type":"ListItem","position":2,"name":"Trang ch\u1ee7"}]}]}},"_links":{"self":[{"href":"https:\/\/novaon.net\/en\/wp-json\/wp\/v2\/pages\/1213"}],"collection":[{"href":"https:\/\/novaon.net\/en\/wp-json\/wp\/v2\/pages"}],"about":[{"href":"https:\/\/novaon.net\/en\/wp-json\/wp\/v2\/types\/page"}],"author":[{"embeddable":true,"href":"https:\/\/novaon.net\/en\/wp-json\/wp\/v2\/users\/1"}],"replies":[{"embeddable":true,"href":"https:\/\/novaon.net\/en\/wp-json\/wp\/v2\/comments?post=1213"}],"version-history":[{"count":172,"href":"https:\/\/novaon.net\/en\/wp-json\/wp\/v2\/pages\/1213\/revisions"}],"predecessor-version":[{"id":5573,"href":"https:\/\/novaon.net\/en\/wp-json\/wp\/v2\/pages\/1213\/revisions\/5573"}],"wp:featuredmedia":[{"embeddable":true,"href":"https:\/\/novaon.net\/en\/wp-json\/wp\/v2\/media\/5591"}],"wp:attachment":[{"href":"https:\/\/novaon.net\/en\/wp-json\/wp\/v2\/media?parent=1213"}],"curies":[{"name":"wp","href":"https:\/\/api.w.org\/{rel}","templated":true}]}}